{"id":10512,"date":"2023-06-06T13:53:04","date_gmt":"2023-06-06T11:53:04","guid":{"rendered":"https:\/\/inhersa.com\/produits\/"},"modified":"2023-09-19T11:25:40","modified_gmt":"2023-09-19T09:25:40","slug":"produits","status":"publish","type":"page","link":"https:\/\/inhersa.com\/fr\/produits\/","title":{"rendered":"Produits"},"content":{"rendered":"\t\t<div data-elementor-type=\"wp-page\" data-elementor-id=\"10512\" class=\"elementor elementor-10512 elementor-10294\">\n\t\t\t\t\t\t\t\t\t<section class=\"elementor-section elementor-top-section elementor-element elementor-element-a88c6fa elementor-section-boxed elementor-section-height-default elementor-section-height-default\" data-id=\"a88c6fa\" data-element_type=\"section\">\n\t\t\t\t\t\t<div class=\"elementor-container elementor-column-gap-default\">\n\t\t\t\t\t<div class=\"elementor-column elementor-col-33 elementor-top-column elementor-element elementor-element-6a0c2cf\" data-id=\"6a0c2cf\" data-element_type=\"column\">\n\t\t\t<div class=\"elementor-widget-wrap elementor-element-populated\">\n\t\t\t\t\t\t\t\t<div class=\"elementor-element elementor-element-4d0f4c6 dt-categories-list_align-left dt-sub-category_align-left elementor-widget elementor-widget-the7-categories-list\" data-id=\"4d0f4c6\" data-element_type=\"widget\" data-settings=\"{&quot;submenu_display&quot;:&quot;always&quot;}\" data-widget_type=\"the7-categories-list.default\">\n\t\t\t\t<div class=\"elementor-widget-container\">\n\t\t\t<div class=\"the7-categories-list-wrap\"><div class=\"filter-header widget-title\"><div class=\"filter-title\">CAT\u00c9GORIES<\/div><\/div><ul class=\"the7-vertical-list dt-categories-list dt-sub-menu-display-always dt-icon-align- dt-sub-icon-align-\"><li class=\"cat-item cat-item-125\"><a href=\"https:\/\/inhersa.com\/fr\/category\/betonnieres-serie-h\/\" ><span class=\"item-content\">B\u00c9TONNI\u00c8RES S\u00c9RIE H<\/span> <span class=\"count\">5<\/span><span class=\"next-level-button\"> <\/span><\/a><\/li>\n<li class=\"cat-item cat-item-126\"><a href=\"https:\/\/inhersa.com\/fr\/category\/betonnieres-serie-r\/\" ><span class=\"item-content\">B\u00c9TONNI\u00c8RES S\u00c9RIE R<\/span> <span class=\"count\">3<\/span><span class=\"next-level-button\"> <\/span><\/a><\/li>\n<li class=\"cat-item cat-item-127\"><a href=\"https:\/\/inhersa.com\/fr\/category\/betonnieres-serie-x\/\" ><span class=\"item-content\">B\u00c9TONNI\u00c8RES S\u00c9RIE X<\/span> <span class=\"count\">4<\/span><span class=\"next-level-button\"> <\/span><\/a><\/li>\n<li class=\"cat-item cat-item-128\"><a href=\"https:\/\/inhersa.com\/fr\/category\/melangeurs-caoutchouc\/\" ><span class=\"item-content\">M\u00c9LANGEURS CAOUTCHOUC<\/span> <span class=\"count\">1<\/span><span class=\"next-level-button\"> <\/span><\/a><\/li>\n<li class=\"cat-item cat-item-124\"><a href=\"https:\/\/inhersa.com\/fr\/category\/melangeurs-hydrauliques\/\" ><span class=\"item-content\">M\u00c9LANGEURS HYDRAULIQUES<\/span> <span class=\"count\">3<\/span><span class=\"next-level-button\"> <\/span><\/a><\/li>\n<li class=\"cat-item cat-item-129\"><a href=\"https:\/\/inhersa.com\/fr\/category\/melangeurs-planetaires\/\" ><span class=\"item-content\">M\u00c9LANGEURS PLAN\u00c9TAIRES<\/span> <span class=\"count\">9<\/span><span class=\"next-level-button\"> <\/span><\/a><\/li>\n<li class=\"cat-item cat-item-93\"><a href=\"https:\/\/inhersa.com\/fr\/category\/non-classifiee\/\" ><span class=\"item-content\">Non classifi\u00e9(e)<\/span> <span class=\"count\">0<\/span><span class=\"next-level-button\"> <\/span><\/a><\/li>\n<\/ul><\/div>\t\t<\/div>\n\t\t\t\t<\/div>\n\t\t\t\t\t<\/div>\n\t\t<\/div>\n\t\t\t\t<div class=\"elementor-column elementor-col-66 elementor-top-column elementor-element elementor-element-fa16e85\" data-id=\"fa16e85\" data-element_type=\"column\">\n\t\t\t<div class=\"elementor-widget-wrap elementor-element-populated\">\n\t\t\t\t\t\t\t\t<section class=\"elementor-section elementor-inner-section elementor-element elementor-element-921c8a6 elementor-section-boxed elementor-section-height-default elementor-section-height-default\" data-id=\"921c8a6\" data-element_type=\"section\">\n\t\t\t\t\t\t<div class=\"elementor-container elementor-column-gap-wider\">\n\t\t\t\t\t<div class=\"elementor-column elementor-col-33 elementor-inner-column elementor-element elementor-element-5573c5c\" data-id=\"5573c5c\" data-element_type=\"column\">\n\t\t\t<div class=\"elementor-widget-wrap elementor-element-populated\">\n\t\t\t\t\t\t\t\t<div class=\"elementor-element elementor-element-3ea8f154 elementor-widget elementor-widget-image\" data-id=\"3ea8f154\" data-element_type=\"widget\" data-widget_type=\"image.default\">\n\t\t\t\t<div class=\"elementor-widget-container\">\n\t\t\t\t\t\t\t\t\t\t\t\t\t\t\t\t<a href=\"https:\/\/inhersa.com\/fr\/category\/betonnieres-serie-h\/\">\n\t\t\t\t\t\t\t<img loading=\"lazy\" decoding=\"async\" width=\"341\" height=\"343\" src=\"https:\/\/inhersa.com\/wp-content\/uploads\/2023\/06\/p1.png\" class=\"attachment-large size-large wp-image-10232\" alt=\"\" srcset=\"https:\/\/inhersa.com\/wp-content\/uploads\/2023\/06\/p1.png 341w, https:\/\/inhersa.com\/wp-content\/uploads\/2023\/06\/p1-298x300.png 298w, https:\/\/inhersa.com\/wp-content\/uploads\/2023\/06\/p1-150x150.png 150w\" sizes=\"auto, (max-width: 341px) 100vw, 341px\" \/>\t\t\t\t\t\t\t\t<\/a>\n\t\t\t\t\t\t\t\t\t\t\t\t\t\t\t<\/div>\n\t\t\t\t<\/div>\n\t\t\t\t<div class=\"elementor-element elementor-element-f2c3c63 elementor-widget elementor-widget-heading\" data-id=\"f2c3c63\" data-element_type=\"widget\" data-widget_type=\"heading.default\">\n\t\t\t\t<div class=\"elementor-widget-container\">\n\t\t\t<h3 class=\"elementor-heading-title elementor-size-default\">B\u00c9TONNI\u00c8RES S\u00c9RIE H<\/h3>\t\t<\/div>\n\t\t\t\t<\/div>\n\t\t\t\t\t<\/div>\n\t\t<\/div>\n\t\t\t\t<div class=\"elementor-column elementor-col-33 elementor-inner-column elementor-element elementor-element-dbf0103\" data-id=\"dbf0103\" data-element_type=\"column\">\n\t\t\t<div class=\"elementor-widget-wrap elementor-element-populated\">\n\t\t\t\t\t\t\t\t<div class=\"elementor-element elementor-element-5f8edb56 elementor-widget elementor-widget-image\" data-id=\"5f8edb56\" data-element_type=\"widget\" data-widget_type=\"image.default\">\n\t\t\t\t<div class=\"elementor-widget-container\">\n\t\t\t\t\t\t\t\t\t\t\t\t\t\t\t\t<a href=\"https:\/\/inhersa.com\/fr\/category\/betonnieres-serie-x\/\">\n\t\t\t\t\t\t\t<img loading=\"lazy\" decoding=\"async\" width=\"341\" height=\"343\" src=\"https:\/\/inhersa.com\/wp-content\/uploads\/2023\/06\/p2.png\" class=\"attachment-large size-large wp-image-10231\" alt=\"\" srcset=\"https:\/\/inhersa.com\/wp-content\/uploads\/2023\/06\/p2.png 341w, https:\/\/inhersa.com\/wp-content\/uploads\/2023\/06\/p2-298x300.png 298w, https:\/\/inhersa.com\/wp-content\/uploads\/2023\/06\/p2-150x150.png 150w\" sizes=\"auto, (max-width: 341px) 100vw, 341px\" \/>\t\t\t\t\t\t\t\t<\/a>\n\t\t\t\t\t\t\t\t\t\t\t\t\t\t\t<\/div>\n\t\t\t\t<\/div>\n\t\t\t\t<div class=\"elementor-element elementor-element-40a62bc0 elementor-widget elementor-widget-heading\" data-id=\"40a62bc0\" data-element_type=\"widget\" data-widget_type=\"heading.default\">\n\t\t\t\t<div class=\"elementor-widget-container\">\n\t\t\t<h3 class=\"elementor-heading-title elementor-size-default\">B\u00c9TONNI\u00c8RES S\u00c9RIE X<\/h3>\t\t<\/div>\n\t\t\t\t<\/div>\n\t\t\t\t\t<\/div>\n\t\t<\/div>\n\t\t\t\t<div class=\"elementor-column elementor-col-33 elementor-inner-column elementor-element elementor-element-8273f07\" data-id=\"8273f07\" data-element_type=\"column\">\n\t\t\t<div class=\"elementor-widget-wrap elementor-element-populated\">\n\t\t\t\t\t\t\t\t<div class=\"elementor-element elementor-element-14f61d15 elementor-widget elementor-widget-image\" data-id=\"14f61d15\" data-element_type=\"widget\" data-widget_type=\"image.default\">\n\t\t\t\t<div class=\"elementor-widget-container\">\n\t\t\t\t\t\t\t\t\t\t\t\t\t\t\t\t<a href=\"https:\/\/inhersa.com\/fr\/category\/betonnieres-serie-r\/\">\n\t\t\t\t\t\t\t<img loading=\"lazy\" decoding=\"async\" width=\"341\" height=\"343\" src=\"https:\/\/inhersa.com\/wp-content\/uploads\/2023\/09\/hersa-nueva.png\" class=\"attachment-large size-large wp-image-11223\" alt=\"\" srcset=\"https:\/\/inhersa.com\/wp-content\/uploads\/2023\/09\/hersa-nueva.png 341w, https:\/\/inhersa.com\/wp-content\/uploads\/2023\/09\/hersa-nueva-298x300.png 298w, https:\/\/inhersa.com\/wp-content\/uploads\/2023\/09\/hersa-nueva-150x150.png 150w\" sizes=\"auto, (max-width: 341px) 100vw, 341px\" \/>\t\t\t\t\t\t\t\t<\/a>\n\t\t\t\t\t\t\t\t\t\t\t\t\t\t\t<\/div>\n\t\t\t\t<\/div>\n\t\t\t\t<div class=\"elementor-element elementor-element-6f8ffe93 elementor-widget elementor-widget-heading\" data-id=\"6f8ffe93\" data-element_type=\"widget\" data-widget_type=\"heading.default\">\n\t\t\t\t<div class=\"elementor-widget-container\">\n\t\t\t<h3 class=\"elementor-heading-title elementor-size-default\">B\u00c9TONNI\u00c8RES S\u00c9RIE R<\/h3>\t\t<\/div>\n\t\t\t\t<\/div>\n\t\t\t\t\t<\/div>\n\t\t<\/div>\n\t\t\t\t\t\t\t<\/div>\n\t\t<\/section>\n\t\t\t\t<section class=\"elementor-section elementor-inner-section elementor-element elementor-element-f2ce289 elementor-section-boxed elementor-section-height-default elementor-section-height-default\" data-id=\"f2ce289\" data-element_type=\"section\">\n\t\t\t\t\t\t<div class=\"elementor-container elementor-column-gap-wider\">\n\t\t\t\t\t<div class=\"elementor-column elementor-col-33 elementor-inner-column elementor-element elementor-element-1673d4d\" data-id=\"1673d4d\" data-element_type=\"column\">\n\t\t\t<div class=\"elementor-widget-wrap elementor-element-populated\">\n\t\t\t\t\t\t\t\t<div class=\"elementor-element elementor-element-5713bcce elementor-widget elementor-widget-image\" data-id=\"5713bcce\" data-element_type=\"widget\" data-widget_type=\"image.default\">\n\t\t\t\t<div class=\"elementor-widget-container\">\n\t\t\t\t\t\t\t\t\t\t\t\t\t\t\t\t<a href=\"https:\/\/inhersa.com\/fr\/category\/melangeurs-hydrauliques\/\">\n\t\t\t\t\t\t\t<img loading=\"lazy\" decoding=\"async\" width=\"341\" height=\"343\" src=\"https:\/\/inhersa.com\/wp-content\/uploads\/2023\/06\/p4.png\" class=\"attachment-large size-large wp-image-10229\" alt=\"\" srcset=\"https:\/\/inhersa.com\/wp-content\/uploads\/2023\/06\/p4.png 341w, https:\/\/inhersa.com\/wp-content\/uploads\/2023\/06\/p4-298x300.png 298w, https:\/\/inhersa.com\/wp-content\/uploads\/2023\/06\/p4-150x150.png 150w\" sizes=\"auto, (max-width: 341px) 100vw, 341px\" \/>\t\t\t\t\t\t\t\t<\/a>\n\t\t\t\t\t\t\t\t\t\t\t\t\t\t\t<\/div>\n\t\t\t\t<\/div>\n\t\t\t\t<div class=\"elementor-element elementor-element-4ef12e6a elementor-widget elementor-widget-heading\" data-id=\"4ef12e6a\" data-element_type=\"widget\" data-widget_type=\"heading.default\">\n\t\t\t\t<div class=\"elementor-widget-container\">\n\t\t\t<h3 class=\"elementor-heading-title elementor-size-default\">M\u00c9LANGEURS HYDRAULIQUES<\/h3>\t\t<\/div>\n\t\t\t\t<\/div>\n\t\t\t\t\t<\/div>\n\t\t<\/div>\n\t\t\t\t<div class=\"elementor-column elementor-col-33 elementor-inner-column elementor-element elementor-element-7cd8c30\" data-id=\"7cd8c30\" data-element_type=\"column\">\n\t\t\t<div class=\"elementor-widget-wrap elementor-element-populated\">\n\t\t\t\t\t\t\t\t<div class=\"elementor-element elementor-element-5521fc95 elementor-widget elementor-widget-image\" data-id=\"5521fc95\" data-element_type=\"widget\" data-widget_type=\"image.default\">\n\t\t\t\t<div class=\"elementor-widget-container\">\n\t\t\t\t\t\t\t\t\t\t\t\t\t\t\t\t<a href=\"https:\/\/inhersa.com\/fr\/category\/melangeurs-planetaires\/\">\n\t\t\t\t\t\t\t<img loading=\"lazy\" decoding=\"async\" width=\"341\" height=\"343\" src=\"https:\/\/inhersa.com\/wp-content\/uploads\/2023\/06\/p5.png\" class=\"attachment-large size-large wp-image-10228\" alt=\"\" srcset=\"https:\/\/inhersa.com\/wp-content\/uploads\/2023\/06\/p5.png 341w, https:\/\/inhersa.com\/wp-content\/uploads\/2023\/06\/p5-298x300.png 298w, https:\/\/inhersa.com\/wp-content\/uploads\/2023\/06\/p5-150x150.png 150w\" sizes=\"auto, (max-width: 341px) 100vw, 341px\" \/>\t\t\t\t\t\t\t\t<\/a>\n\t\t\t\t\t\t\t\t\t\t\t\t\t\t\t<\/div>\n\t\t\t\t<\/div>\n\t\t\t\t<div class=\"elementor-element elementor-element-42c8b8a7 elementor-widget elementor-widget-heading\" data-id=\"42c8b8a7\" data-element_type=\"widget\" data-widget_type=\"heading.default\">\n\t\t\t\t<div class=\"elementor-widget-container\">\n\t\t\t<h3 class=\"elementor-heading-title elementor-size-default\">M\u00c9LANGEURS PLAN\u00c9TAIRES<\/h3>\t\t<\/div>\n\t\t\t\t<\/div>\n\t\t\t\t\t<\/div>\n\t\t<\/div>\n\t\t\t\t<div class=\"elementor-column elementor-col-33 elementor-inner-column elementor-element elementor-element-924a534\" data-id=\"924a534\" data-element_type=\"column\">\n\t\t\t<div class=\"elementor-widget-wrap elementor-element-populated\">\n\t\t\t\t\t\t\t\t<div class=\"elementor-element elementor-element-33c4bbbb elementor-widget elementor-widget-image\" data-id=\"33c4bbbb\" data-element_type=\"widget\" data-widget_type=\"image.default\">\n\t\t\t\t<div class=\"elementor-widget-container\">\n\t\t\t\t\t\t\t\t\t\t\t\t\t\t\t\t<a href=\"https:\/\/inhersa.com\/fr\/category\/melangeurs-caoutchouc\/\">\n\t\t\t\t\t\t\t<img loading=\"lazy\" decoding=\"async\" width=\"341\" height=\"343\" src=\"https:\/\/inhersa.com\/wp-content\/uploads\/2023\/06\/p6.png\" class=\"attachment-large size-large wp-image-10227\" alt=\"\" srcset=\"https:\/\/inhersa.com\/wp-content\/uploads\/2023\/06\/p6.png 341w, https:\/\/inhersa.com\/wp-content\/uploads\/2023\/06\/p6-298x300.png 298w, https:\/\/inhersa.com\/wp-content\/uploads\/2023\/06\/p6-150x150.png 150w\" sizes=\"auto, (max-width: 341px) 100vw, 341px\" \/>\t\t\t\t\t\t\t\t<\/a>\n\t\t\t\t\t\t\t\t\t\t\t\t\t\t\t<\/div>\n\t\t\t\t<\/div>\n\t\t\t\t<div class=\"elementor-element elementor-element-1ae69725 elementor-widget elementor-widget-heading\" data-id=\"1ae69725\" data-element_type=\"widget\" data-widget_type=\"heading.default\">\n\t\t\t\t<div class=\"elementor-widget-container\">\n\t\t\t<h3 class=\"elementor-heading-title elementor-size-default\">M\u00c9LANGEURS CAOUTCHOUC<\/h3>\t\t<\/div>\n\t\t\t\t<\/div>\n\t\t\t\t\t<\/div>\n\t\t<\/div>\n\t\t\t\t\t\t\t<\/div>\n\t\t<\/section>\n\t\t\t\t\t<\/div>\n\t\t<\/div>\n\t\t\t\t\t\t\t<\/div>\n\t\t<\/section>\n\t\t\t\t\t\t\t<\/div>\n\t\t","protected":false},"excerpt":{"rendered":"<p>CAT\u00c9GORIES B\u00c9TONNI\u00c8RES S\u00c9RIE H 6 B\u00c9TONNI\u00c8RES S\u00c9RIE R 3 B\u00c9TONNI\u00c8RES S\u00c9RIE X 3 M\u00c9LANGEURS CAOUTCHOUC 1 M\u00c9LANGEURS HYDRAULIQUES 3 M\u00c9LANGEURS PLAN\u00c9TAIRES 9 Non classifi\u00e9(e) 0 B\u00c9TONNI\u00c8RES S\u00c9RIE H B\u00c9TONNI\u00c8RES S\u00c9RIE X B\u00c9TONNI\u00c8RES S\u00c9RIE R M\u00c9LANGEURS HYDRAULIQUES M\u00c9LANGEURS PLAN\u00c9TAIRES M\u00c9LANGEURS CAOUTCHOUC<\/p>\n","protected":false},"author":1,"featured_media":0,"parent":0,"menu_order":1,"comment_status":"closed","ping_status":"closed","template":"","meta":{"footnotes":""},"class_list":["post-10512","page","type-page","status-publish","hentry"],"_links":{"self":[{"href":"https:\/\/inhersa.com\/fr\/wp-json\/wp\/v2\/pages\/10512","targetHints":{"allow":["GET"]}}],"collection":[{"href":"https:\/\/inhersa.com\/fr\/wp-json\/wp\/v2\/pages"}],"about":[{"href":"https:\/\/inhersa.com\/fr\/wp-json\/wp\/v2\/types\/page"}],"author":[{"embeddable":true,"href":"https:\/\/inhersa.com\/fr\/wp-json\/wp\/v2\/users\/1"}],"replies":[{"embeddable":true,"href":"https:\/\/inhersa.com\/fr\/wp-json\/wp\/v2\/comments?post=10512"}],"version-history":[{"count":9,"href":"https:\/\/inhersa.com\/fr\/wp-json\/wp\/v2\/pages\/10512\/revisions"}],"predecessor-version":[{"id":11235,"href":"https:\/\/inhersa.com\/fr\/wp-json\/wp\/v2\/pages\/10512\/revisions\/11235"}],"wp:attachment":[{"href":"https:\/\/inhersa.com\/fr\/wp-json\/wp\/v2\/media?parent=10512"}],"curies":[{"name":"wp","href":"https:\/\/api.w.org\/{rel}","templated":true}]}}