{"id":10458,"date":"2023-03-16T14:03:16","date_gmt":"2023-03-16T12:03:16","guid":{"rendered":"https:\/\/inhersa.com\/legal-advise\/"},"modified":"2023-06-08T13:19:53","modified_gmt":"2023-06-08T11:19:53","slug":"legal-advise","status":"publish","type":"page","link":"https:\/\/inhersa.com\/en\/legal-advise\/","title":{"rendered":"Legal Advise"},"content":{"rendered":"\t\t<div data-elementor-type=\"wp-page\" data-elementor-id=\"10458\" class=\"elementor elementor-10458 elementor-9868\">\n\t\t\t\t\t\t\t\t\t<section class=\"elementor-section elementor-top-section elementor-element elementor-element-55735e67 elementor-section-boxed elementor-section-height-default elementor-section-height-default\" data-id=\"55735e67\" data-element_type=\"section\">\n\t\t\t\t\t\t<div class=\"elementor-container elementor-column-gap-default\">\n\t\t\t\t\t<div class=\"elementor-column elementor-col-100 elementor-top-column elementor-element elementor-element-5d58925c\" data-id=\"5d58925c\" data-element_type=\"column\">\n\t\t\t<div class=\"elementor-widget-wrap elementor-element-populated\">\n\t\t\t\t\t\t\t\t<div class=\"elementor-element elementor-element-616abb2f elementor-widget elementor-widget-text-editor\" data-id=\"616abb2f\" data-element_type=\"widget\" data-widget_type=\"text-editor.default\">\n\t\t\t\t<div class=\"elementor-widget-container\">\n\t\t\t\t\t\t\t<p><strong><em>Social name: Industrias Hersa, S.A.<\/em><\/strong><br><strong><em>Tradename: INHERSA<\/em><\/strong><br><strong><em>Registered office: Pol. Ind. La Cartuja, Zaragoza, Espa\u00f1a<\/em><\/strong><br><strong><em>CIF \/ NIF: A50030360<\/em><\/strong><br><strong><em>Phone:<\/em><\/strong><a href=\"tel:0034976500192\">+34 976 500 192<\/a><br><strong><em>Email: info@inhersa.es<\/em><\/strong><br><strong><em>Domain:&nbsp;<\/em><\/strong><span style=\"background-color: rgba(255, 255, 255, 0);\"><b><i>inhersa.com<\/i><\/b><\/span><\/p>\n<h3>OBJETO<\/h3>\n<p>El prestador, responsable del sitio web, pone a disposici\u00f3n de los usuarios el presente documento con el que pretende dar cumplimiento a las obligaciones dispuestas en la Ley 34\/2002, de Servicios de la Sociedad de la Informaci\u00f3n y del Comercio Electr\u00f3nico (LSSI-CE), as\u00ed como informar a todos los usuarios del sitio web respecto a cu\u00e1les son las condiciones de uso del sitio web.<\/p>\n<p>Toda persona que acceda a este sitio web asume el papel de usuario, comprometi\u00e9ndose a la observancia y cumplimiento riguroso de las disposiciones aqu\u00ed dispuestas, as\u00ed como a cualesquiera otra disposici\u00f3n legal que fuera de aplicaci\u00f3n.<\/p>\n<p>El prestador se reserva el derecho a modificar cualquier tipo de informaci\u00f3n que pudiera aparecer en el sitio web, sin que exista obligaci\u00f3n de preavisar o poner en conocimiento de los usuarios dichas obligaciones, entendi\u00e9ndose como suficiente con la publicaci\u00f3n en el sitio web del prestador.<\/p>\n<h3>RESPONSABILIDAD<\/h3>\n<p>Esta p\u00e1gina web se encuentra reservada \u00fanica y exclusivamente a mayores de edad, dado que la legislaci\u00f3n vigente proh\u00edbe la publicidad, venta, consumo y suministro de alcohol a los menores de 18 a\u00f1os. No obstante, INHERSA&nbsp;no comprobar\u00e1 la certeza de los datos proporcionados, ni se responsabilizar\u00e1 de aquellas personas menores de edad que entren en esta p\u00e1gina incumpliendo dicha condici\u00f3n de acceso. La plena responsabilidad en la determinaci\u00f3n de los concretos contenidos y servicios a los que acceden los menores de edad corresponde exclusivamente a las personas mayores de edad que se encuentran a cargo de los mismos, por lo que&nbsp;&nbsp;INHERSA&nbsp;recomienda a padres, representantes o tutores legales supervisar o tomar las precauciones oportunas durante la navegaci\u00f3n de los menores por internet.<\/p>\n<p>El prestador se exime de cualquier tipo de responsabilidad derivada de la informaci\u00f3n publicada en su sitio web, siempre que esta informaci\u00f3n haya sido manipulada o introducida por un tercero ajeno al mismo.<\/p>\n<p>El sitio web del prestador puede utilizar cookies (peque\u00f1os archivos de informaci\u00f3n que el servidor env\u00eda al ordenador de quien accede a la p\u00e1gina) para llevar a cabo determinadas funciones que son consideradas imprescindibles para el correcto funcionamiento y visualizaci\u00f3n del sitio. Las cookies utilizadas en el sitio web tienen, en todo caso, car\u00e1cter temporal con la \u00fanica finalidad de hacer m\u00e1s eficaz su transmisi\u00f3n ulterior y desaparecen al terminar la sesi\u00f3n del usuario. En ning\u00fan caso se utilizar\u00e1n las cookies para recoger informaci\u00f3n de car\u00e1cter personal.<\/p>\n<p>Desde el sitio web del cliente es posible que se redirija a contenidos de terceros sitios web. Dado que el prestador no puede controlar siempre los contenidos introducidos por los terceros en sus sitios web, \u00e9ste no asume ning\u00fan tipo de responsabilidad respecto a dichos contenidos. En todo caso, el prestador manifiesta que proceder\u00e1 a la retirada inmediata de cualquier contenido que pudiera contravenir la legislaci\u00f3n nacional o internacional, la moral o el orden p\u00fablico, procediendo a la retirada inmediata de la redirecci\u00f3n a dicho sitio web, poniendo en conocimiento de las autoridades competentes el contenido en cuesti\u00f3n.<\/p>\n<p>El prestador no se hace responsable de la informaci\u00f3n y contenidos almacenados, a t\u00edtulo enunciativo pero no limitativo, en foros, chat\u00b4s, generadores de blogs, comentarios, redes sociales o cualesquiera otro medio que permita a terceros publicar contenidos de forma independiente en la p\u00e1gina web del prestador. No obstante y en cumplimiento de lo dispuesto en el art. 11 y 16 de la LSSI-CE, el prestador se pone a disposici\u00f3n de todos los usuarios, autoridades y fuerzas de seguridad, y colaborando de forma activa en la retirada o en su caso bloqueo de todos aquellos contenidos que pudieran afectar o contravenir la legislaci\u00f3n nacional, o internacional, derechos de terceros o la moral y el orden p\u00fablico. En caso de que el usuario considere que existe en el sitio web alg\u00fan contenido que pudiera ser susceptible de esta clasificaci\u00f3n, se ruega lo notifique de forma inmediata al administrador del sitio web.<\/p>\n<p>Este sitio web ha sido revisado y probado para que funcione correctamente. En principio, puede garantizarse el correcto funcionamiento los 365 d\u00edas del a\u00f1o, 24 horas al d\u00eda. No obstante, el prestador no descarta la posibilidad de que existan ciertos errores de programaci\u00f3n, o que acontezcan causas de fuerza mayor, cat\u00e1strofes naturales, huelgas, o circunstancias semejantes que hagan imposible el acceso a la p\u00e1gina web.<\/p>\n<h3>PROTECCI\u00d3N DE DATOS PERSONALES<\/h3>\n<p>El prestador se encuentra profundamente comprometido con el cumplimiento de la normativa espa\u00f1ola de protecci\u00f3n de datos de car\u00e1cter personal, y garantiza el cumplimiento \u00edntegro de las obligaciones dispuestas, as\u00ed como la implementaci\u00f3n de las medidas de seguridad dispuestas en el art. 9 de la Ley 15\/1999, de Protecci\u00f3n de Datos de Car\u00e1cter Personal (LOPD) y en el Reglamento de Desarrollo de la LOPD.<\/p>\n<p>El prestador pone a disposici\u00f3n de los usuarios la&nbsp;<em>Pol\u00edtica de Privacidad de la entidad<\/em>&nbsp;informando a los usuarios respecto a los siguientes aspectos:<\/p>\n<ul>\n<li>Datos del Responsable del tratamiento.<\/li>\n<li>Datos tratados.<\/li>\n<li>Fichero en el que se almacenan.<\/li>\n<li>Finalidad del tratamiento.<\/li>\n<li>Obligatoriedad o no de facilitarlos, as\u00ed como las consecuencias en caso de no facilitarlos.<\/li>\n<li>Sobre los derechos que asisten a todo usuario y el procedimiento para ejercitarlos.<\/li>\n<\/ul>\n<h3>PROPIEDAD INTELECTUAL E INDUSTRIAL<\/h3>\n<p>El sitio web, incluyendo a t\u00edtulo enunciativo pero no limitativo su programaci\u00f3n, edici\u00f3n, compilaci\u00f3n y dem\u00e1s elementos necesarios para su funcionamiento, los dise\u00f1os, logotipos, texto y\/o gr\u00e1ficos son propiedad del prestador o en su caso dispone de licencia o autorizaci\u00f3n expresa por parte de los autores. Todos los contenidos del sitio web se encuentran debidamente protegidos por la normativa de propiedad intelectual e industrial, as\u00ed como inscritos en los registros p\u00fablicos correspondientes.<\/p>\n<p>Independientemente de la finalidad para la que fueran destinados, la reproducci\u00f3n total o parcial, uso, explotaci\u00f3n, distribuci\u00f3n y comercializaci\u00f3n, requiere en todo caso de la autorizaci\u00f3n escrita previa por parte del prestador. Cualquier uso no autorizado previamente por parte del prestador ser\u00e1 considerado un incumplimiento grave de los derechos de propiedad intelectual o industrial del autor.<\/p>\n<p>Los dise\u00f1os, logotipos, texto y\/o gr\u00e1ficos ajenos al prestador y que pudieran aparecer en el sitio web, pertenecen a sus respectivos propietarios, siendo ellos mismos responsables de cualquier posible controversia que pudiera suscitarse respecto a los mismos. En todo caso, el prestador cuenta con la autorizaci\u00f3n expresa y previa por parte de los mismos.<\/p>\n<p>El prestador&nbsp;<em>no autoriza<\/em>&nbsp;expresamente a que terceros puedan redirigir directamente a los contenidos concretos del sitio web, debiendo en todo caso redirigir al sitio web principal del prestador.<\/p>\n<p>El prestador reconoce a favor de sus titulares los correspondientes derechos de propiedad industrial e intelectual, no implicando su sola menci\u00f3n o aparici\u00f3n en el sitio web la existencia de derechos o responsabilidad alguna del prestador sobre los mismos, como tampoco respaldo, patrocinio o recomendaci\u00f3n por parte del mismo.<\/p>\n<p>Para realizar cualquier tipo de observaci\u00f3n respecto a posibles incumplimientos de los derechos de propiedad intelectual o industrial, as\u00ed como sobre cualquiera de los contenidos del sitio web, puede hacerlo a trav\u00e9s del siguiente correo electr\u00f3nico:&nbsp;<strong style=\"background-color: rgba(255, 255, 255, 0); color: var(--the7-base-color); letter-spacing: var(--the7-base-letter-spacing); text-transform: var(--the7-base-text-transform); word-spacing: normal;\"><em>info@inhersa.es<\/em><\/strong><\/p>\n<h3>LEY APLICABLE Y JURISDICCI\u00d3N<\/h3>\n<p>Para la resoluci\u00f3n de todas las controversias o cuestiones relacionadas con el presente sitio web o de las actividades en \u00e9l desarrolladas, ser\u00e1 de aplicaci\u00f3n la legislaci\u00f3n espa\u00f1ola, a la que se someten expresamente las partes, siendo competentes para la resoluci\u00f3n de todos los conflictos derivados o relacionados con su uso los Juzgados y Tribunales de&nbsp;<em>Zaragoza<\/em>.<\/p>\n<div>\n<h3>Accesibilidad<\/h3>\n<p><strong>Declaraci\u00f3n de accesibilidad<\/strong><\/p>\n<\/div>\n<div>\n<div>\n<div><p><span style=\"background-color: rgba(255, 255, 255, 0); color: var(--the7-base-color); letter-spacing: var(--the7-base-letter-spacing); text-transform: var(--the7-base-text-transform); word-spacing: normal;\">INHERSA<\/span>&nbsp;se ha comprometido a hacer accesible su sitio web de conformidad con el&nbsp;<a href=\"https:\/\/www.boe.es\/diario_boe\/txt.php?id=BOE-A-2018-12699\" rel=\"noopener\">Real Decreto 1112\/2018<\/a>, de 7 de septiembre, sobre accesibilidad de los sitios web y aplicaciones para dispositivos m\u00f3viles del sector p\u00fablico, publicado en el Bolet\u00edn Oficial del Estado a fecha 19 de septiembre de 2018. Este Real Decreto traspone la&nbsp;<a href=\"https:\/\/www.boe.es\/doue\/2016\/327\/L00001-00015.pdf\" rel=\"noopener\">Directiva (UE) 2016\/2012<\/a>&nbsp;del Parlamento Europeo y del Consejo.<br>La Directiva Europea se basa en la norma&nbsp;<a href=\"https:\/\/www.etsi.org\/deliver\/etsi_en\/301500_301599\/301549\/02.01.02_60\/en_301549v020102p.pdf\" rel=\"noopener\">EN 301 549 \u201cRequisitos de accesibilidad de productos y servicios TIC\u201d<\/a>&nbsp;y esta, a su vez, es una adaptaci\u00f3n de las Pautas de Accesibilidad para el Contenido Web (<a href=\"http:\/\/www.w3.org\/TR\/2018\/REC-WCAG21-20180605\/\" rel=\"noopener\">WCAG 2.1<\/a>) del W3C.<\/p>\n<p>La presente declaraci\u00f3n de accesibilidad se aplica al sitio web&nbsp;<b style=\"color: var(--the7-base-color); letter-spacing: var(--the7-base-letter-spacing); text-transform: var(--the7-base-text-transform); word-spacing: normal;\"><i>inhersa.com<\/i><\/b><\/p>\n<p><strong>Situaci\u00f3n de cumplimiento<\/strong><\/p>\n<p>Este sitio web es&nbsp;<strong>parcialmente conforme<\/strong>&nbsp;con el Real Decreto 1112\/2018. Por lo tanto cumple con las bases de Accesibilidad establecidas en el Kit Digital.<\/p>\n<\/div>\n<\/div>\n<\/div>\t\t\t\t\t\t<\/div>\n\t\t\t\t<\/div>\n\t\t\t\t\t<\/div>\n\t\t<\/div>\n\t\t\t\t\t\t\t<\/div>\n\t\t<\/section>\n\t\t\t\t\t\t\t<\/div>\n\t\t","protected":false},"excerpt":{"rendered":"<p>Social name: Industrias Hersa, S.A.Tradename: INHERSARegistered office: Pol. Ind. La Cartuja, Zaragoza, Espa\u00f1aCIF \/ NIF: A50030360Phone:+34 976 500 192Email: info@inhersa.esDomain:&nbsp;inhersa.com OBJETO El prestador, responsable del sitio web, pone a disposici\u00f3n de los usuarios el presente documento con el que pretende dar cumplimiento a las obligaciones dispuestas en la Ley 34\/2002, de Servicios de la Sociedad&hellip;<\/p>\n","protected":false},"author":1,"featured_media":0,"parent":0,"menu_order":0,"comment_status":"closed","ping_status":"closed","template":"","meta":{"footnotes":""},"class_list":["post-10458","page","type-page","status-publish","hentry"],"_links":{"self":[{"href":"https:\/\/inhersa.com\/en\/wp-json\/wp\/v2\/pages\/10458","targetHints":{"allow":["GET"]}}],"collection":[{"href":"https:\/\/inhersa.com\/en\/wp-json\/wp\/v2\/pages"}],"about":[{"href":"https:\/\/inhersa.com\/en\/wp-json\/wp\/v2\/types\/page"}],"author":[{"embeddable":true,"href":"https:\/\/inhersa.com\/en\/wp-json\/wp\/v2\/users\/1"}],"replies":[{"embeddable":true,"href":"https:\/\/inhersa.com\/en\/wp-json\/wp\/v2\/comments?post=10458"}],"version-history":[{"count":3,"href":"https:\/\/inhersa.com\/en\/wp-json\/wp\/v2\/pages\/10458\/revisions"}],"predecessor-version":[{"id":10461,"href":"https:\/\/inhersa.com\/en\/wp-json\/wp\/v2\/pages\/10458\/revisions\/10461"}],"wp:attachment":[{"href":"https:\/\/inhersa.com\/en\/wp-json\/wp\/v2\/media?parent=10458"}],"curies":[{"name":"wp","href":"https:\/\/api.w.org\/{rel}","templated":true}]}}